{"id":13,"date":"2023-05-09T07:47:49","date_gmt":"2023-05-09T05:47:49","guid":{"rendered":"https:\/\/moviemento.de\/en\/?page_id=13"},"modified":"2023-05-09T07:48:02","modified_gmt":"2023-05-09T05:48:02","slug":"accessibility","status":"publish","type":"page","link":"https:\/\/moviemento.de\/en\/accessibility\/","title":{"rendered":"Accessibility"},"content":{"rendered":"<p>Das Kino befindet sich im ersten Stock und ist f\u00fcr Rollis nur mit Hilfe eingeschr\u00e4nkt zug\u00e4nglich.<\/p>\n<p>Folgende Filme mit Audiodeskription &amp; Untertitel haben wir momentan im Programm:<\/p>\n<p>&nbsp;<\/p>\n","protected":false},"excerpt":{"rendered":"<p>Das Kino befindet sich im ersten Stock und ist f\u00fcr Rollis nur mit Hilfe eingeschr\u00e4nkt zug\u00e4nglich. Folgende Filme mit Audiodeskription &amp; Untertitel haben wir momentan im Programm: &nbsp;<\/p>\n","protected":false},"author":1,"featured_media":0,"parent":0,"menu_order":0,"comment_status":"closed","ping_status":"closed","template":"","meta":{"footnotes":""},"class_list":["post-13","page","type-page","status-publish","hentry"],"_links":{"self":[{"href":"https:\/\/moviemento.de\/en\/wp-json\/wp\/v2\/pages\/13","targetHints":{"allow":["GET"]}}],"collection":[{"href":"https:\/\/moviemento.de\/en\/wp-json\/wp\/v2\/pages"}],"about":[{"href":"https:\/\/moviemento.de\/en\/wp-json\/wp\/v2\/types\/page"}],"author":[{"embeddable":true,"href":"https:\/\/moviemento.de\/en\/wp-json\/wp\/v2\/users\/1"}],"replies":[{"embeddable":true,"href":"https:\/\/moviemento.de\/en\/wp-json\/wp\/v2\/comments?post=13"}],"version-history":[{"count":2,"href":"https:\/\/moviemento.de\/en\/wp-json\/wp\/v2\/pages\/13\/revisions"}],"predecessor-version":[{"id":15,"href":"https:\/\/moviemento.de\/en\/wp-json\/wp\/v2\/pages\/13\/revisions\/15"}],"wp:attachment":[{"href":"https:\/\/moviemento.de\/en\/wp-json\/wp\/v2\/media?parent=13"}],"curies":[{"name":"wp","href":"https:\/\/api.w.org\/{rel}","templated":true}]}}