{"id":61,"date":"2023-05-09T14:54:06","date_gmt":"2023-05-09T12:54:06","guid":{"rendered":"https:\/\/moviemento.de\/en\/?page_id=61"},"modified":"2025-09-08T08:00:21","modified_gmt":"2025-09-08T06:00:21","slug":"jobs","status":"publish","type":"page","link":"https:\/\/moviemento.de\/en\/jobs\/","title":{"rendered":"Jobs at Moviemento"},"content":{"rendered":"<p>You hardly speak any German? Please apply in German nevertheless, no matter how bad you think your German is. It is probably better than you think \ud83d\ude42<\/p>\n<p>&nbsp;<\/p>\n<h1>Ausbildungsplatz Kauffrau\/-mann f\u00fcr audiovisuelle Medien Herbst 2026<\/h1>\n<p>You don&#8217;t know, what an Ausbildung is?\u00a0 Check it out here:<br \/>\n<a href=\"https:\/\/www.youtube.com\/watch?v=FK1x_VDK2a0\" target=\"_blank\" rel=\"noopener\">What is an Ausbildung?<\/a><\/p>\n<p>Studium ist langweilig? Mach eine Ausbildung!<\/p>\n<p>Du \u00fcbernimmst gern Verantwortung, bist neugierig, hast Spa\u00df an der Kommunikation &amp; dem Umgang mit Menschen, Du hast keine Angst vor Zahlen oder Technik? Ein aufgeschlossenes, kreatives Team freut sich auf Dich.<\/p>\n<p>In der Ausbildung lernst Du alle Bereiche des Kinobetriebs kennen:<\/p>\n<ul>\n<li>Buchhaltung, Abrechnung<\/li>\n<li>PR, Werbung &amp; Marketing<\/li>\n<li>Veranstaltungsmanagement und Eventorganisation<\/li>\n<li>Angebotserstellung &amp; Bearbeitung von Anfragen<\/li>\n<li>Projektion<\/li>\n<li>Verkauf<\/li>\n<\/ul>\n<p>Voraussetzung sind ein Schulabschluss &amp; gute Englischkenntnisse, dar\u00fcber hinaus ist ein angefangenes oder abgeschlossenes Studium ebenso hilfreich wie bereits vorhandene Arbeitserfahrungen.<\/p>\n<p>Wir bilden aus zur Kaufrau\/mann f\u00fcr audiovisuelle Medien zum Herbst 2026.<\/p>\n<p>Wenn Du gerne bei uns eine Ausbildung machen m\u00f6chtest, schick Deine aussagekr\u00e4ftige Bewerbung mit Anschreiben, Lebenslauf &amp; Foto per E-Mail an Iris Praefke, <a href=\"mailto:post@moviemento.de\">post@moviemento.de<\/a>.<\/p>\n<p>&nbsp;<\/p>\n<h1>Kinomitarbeiter*in<\/h1>\n<p>Wir suchen gerade keine neuen Mitarbeiter*innen in unseren Kinos Central, Toni &amp; Moviemento.<\/p>\n<p>Wer gerne zuk\u00fcnftig bei uns arbeiten m\u00f6chte, kann seine aussagekr\u00e4ftige Bewerbung mit Anschreiben, Lebenslauf &amp; Foto ausschlie\u00dflich per E-Mail an Iris Praefke, <a href=\"mailto:post@moviemento.de\">post@moviemento.de<\/a> senden.<\/p>\n<p>Der Aufgabenbereich f\u00fcr alle Mitarbeiter*innen im Kino umfasst unter anderem:<\/p>\n<ul>\n<li>Vorf\u00fchren (Digital, 35mm, 16mm)<\/li>\n<li>Vorbereiten der Filme<\/li>\n<li>Kasse mit Karten- &amp; Concessionsverkauf &#8211; Dekoration von Foyer &amp; Schaufenster<\/li>\n<li>Pflege &amp; Wartung von technischen Ger\u00e4ten<\/li>\n<li>Einlass<\/li>\n<li>Reinigung<\/li>\n<\/ul>\n<p>Wer bei uns arbeiten m\u00f6chte, sollte:<\/p>\n<ul>\n<li>freundlich, selbstbewusst, offen &amp; aufgeschlossen<\/li>\n<li>zuverl\u00e4ssig &amp; p\u00fcnktlich sein<\/li>\n<li>keine Angst vor Technik haben<\/li>\n<li>tags\u00fcber &amp; auch abends Zeit haben<\/li>\n<li>englische Sprachkenntnisse haben &#8211; deutsche selbstverst\u00e4ndlich auch<\/li>\n<\/ul>\n<p>Welche Qualifikationen sind von Vorteil?<\/p>\n<ul>\n<li>Berufserfahrung als Vorf\u00fchrer*in<\/li>\n<li>Erfahrung in der Gastronomie oder \u00e4hnlich serviceorientierten Berufen<\/li>\n<\/ul>\n<p>Es ist m\u00f6glich bei uns Vollzeit oder Teilzeit zu arbeiten. Wir empfehlen ein Minimum an 10 Schichten pro Monat. Euer Arbeitsplatz werden unsere drei Kinos Central, Toni und Moviemento sein. Euch erwartet ein tolles Team, ein unbefristeter Vertrag, viele Filme und nette Kinog\u00e4ste.<\/p>\n<p>Wir melden uns dann bei Euch, wenn uns Eure Bewerbung anspricht &amp; eine Stelle frei wird.<\/p>\n<p>Wenn Du gerne bei uns arbeiten m\u00f6chtest, schick Deine aussagekr\u00e4ftige Bewerbung mit Anschreiben, Lebenslauf &amp; Foto per E-Mail an Iris Praefke, <a href=\"mailto:post@moviemento.de\">post@moviemento.de<\/a>.<\/p>\n<p>&nbsp;<\/p>\n","protected":false},"excerpt":{"rendered":"<p>You hardly speak any German? Please apply in German nevertheless, no matter how bad you think your German is. It is probably better than you think \ud83d\ude42 &nbsp; Ausbildungsplatz Kauffrau\/-mann f\u00fcr audiovisuelle Medien Herbst 2026 You don&#8217;t know, what an Ausbildung is?\u00a0 Check it out here: What is an Ausbildung? Studium ist langweilig? Mach eine [&hellip;]<\/p>\n","protected":false},"author":1,"featured_media":0,"parent":0,"menu_order":0,"comment_status":"closed","ping_status":"closed","template":"","meta":{"footnotes":""},"class_list":["post-61","page","type-page","status-publish","hentry"],"_links":{"self":[{"href":"https:\/\/moviemento.de\/en\/wp-json\/wp\/v2\/pages\/61","targetHints":{"allow":["GET"]}}],"collection":[{"href":"https:\/\/moviemento.de\/en\/wp-json\/wp\/v2\/pages"}],"about":[{"href":"https:\/\/moviemento.de\/en\/wp-json\/wp\/v2\/types\/page"}],"author":[{"embeddable":true,"href":"https:\/\/moviemento.de\/en\/wp-json\/wp\/v2\/users\/1"}],"replies":[{"embeddable":true,"href":"https:\/\/moviemento.de\/en\/wp-json\/wp\/v2\/comments?post=61"}],"version-history":[{"count":7,"href":"https:\/\/moviemento.de\/en\/wp-json\/wp\/v2\/pages\/61\/revisions"}],"predecessor-version":[{"id":351,"href":"https:\/\/moviemento.de\/en\/wp-json\/wp\/v2\/pages\/61\/revisions\/351"}],"wp:attachment":[{"href":"https:\/\/moviemento.de\/en\/wp-json\/wp\/v2\/media?parent=61"}],"curies":[{"name":"wp","href":"https:\/\/api.w.org\/{rel}","templated":true}]}}